{"id":1475,"date":"2014-01-09T19:31:07","date_gmt":"2014-01-09T19:31:07","guid":{"rendered":"http:\/\/www.eurotaff.com\/?page_id=1475"},"modified":"2016-08-01T09:55:21","modified_gmt":"2016-08-01T09:55:21","slug":"que-es-la-poliurea","status":"publish","type":"page","link":"https:\/\/eurotaff.es\/fr\/quest-ce-que-la-polyuree\/","title":{"rendered":"Qu\u2019est-ce que la polyur\u00e9e?"},"content":{"rendered":"<h3 lang=\"es-ES\">La Polyur\u00e9e est un type d\u2019\u00e9lastom\u00e8re d\u00e9riv\u00e9 de la r\u00e9action produite par un composant d\u2019Isocyanate et un m\u00e9lange de r\u00e9sines synth\u00e9tiques.<\/h3>\n<p lang=\"es-ES\"><div class=\"two_columns_33_66 clearfix\"><div class=\"column1\"><div class=\"column_inner\">\n<p>\u00a0<img decoding=\"async\" src=\"http:\/\/www.eurotaff.es\/wp-content\/uploads\/2014\/01\/polimero.jpg\" alt=\"polimero\" width=\"200\" \/><\/p>\n<p lang=\"es-ES\"><\/div><\/div> <div class=\"column2\"><div class=\"column_inner\">\n<blockquote style=width:100%;>\n<h4 lang=\"es-ES\">\u00a0\u00a0Ses qualit\u00e9s m\u00e9caniques lui permettent de constituer un rev\u00eatement dont l\u2019application fournit une membrane monolithique d\u2019une extr\u00eame durabilit\u00e9, flexible et r\u00e9sistante \u00e0 l\u2019abrasion.<\/h4>\n<h4 lang=\"es-ES\">Elle est chimiquement r\u00e9sistante aux dommages pouvant \u00eatre occasionn\u00e9s par des produits acides, alcalins et d\u00e9riv\u00e9s du p\u00e9trole. Elle est bact\u00e9riologiquement stable, facile \u00e0 nettoyer et respectueuse de l\u2019environnement.<\/h4>\n<\/blockquote>\n<p lang=\"es-ES\"><\/div><\/div><\/div>\n<h4 lang=\"es-ES\"><strong>L\u2019imperm\u00e9abilit\u00e9, la haute durabilit\u00e9, le s\u00e9chage rapide et la possibilit\u00e9 de coloration de la polyur\u00e9e font d\u2019elle un mat\u00e9riau multifonction, avec une grande vari\u00e9t\u00e9 d\u2019usages et d\u2019applications, tant au niveau domestique qu\u2019industriel.l\u00a0<\/strong><\/h4>\n<p lang=\"es-ES\"><div class=\"two_columns_33_66 clearfix\"><div class=\"column1\"><div class=\"column_inner\">\n<p><a href=\"http:\/\/www.eurotaff.es\/wp-content\/uploads\/2014\/01\/foto-imperm.jpg\"><img decoding=\"async\" src=\"http:\/\/www.eurotaff.es\/wp-content\/uploads\/2014\/01\/foto-imperm-300x95.jpg\" alt=\"foto-imperm\" width=\"100%\" \/><\/a>\u00a0<\/div><\/div> <div class=\"column2\"><div class=\"column_inner\">\n<h2>IMPERM\u00c9ABLE<\/h2>\n<blockquote style=width:100%%;> Ses propri\u00e9t\u00e9s physiques et chimiques font de la polyur\u00e9e un produit id\u00e9al pour des applications d\u2019imperm\u00e9abilisation et de protection de surfaces contre les intemp\u00e9ries.\u00a0\u00a0<\/blockquote>\u00a0<\/div><\/div><\/div>\u00a0<div class=\"two_columns_33_66 clearfix\"><div class=\"column1\"><div class=\"column_inner\">\u00a0<a href=\"http:\/\/www.eurotaff.es\/wp-content\/uploads\/2014\/01\/foto-durabilidad.jpg\"><img loading=\"lazy\" decoding=\"async\" src=\"http:\/\/www.eurotaff.es\/wp-content\/uploads\/2014\/01\/foto-durabilidad-300x95.jpg\" alt=\"foto-durabilidad\" width=\"300\" height=\"95\" \/><\/a>\u00a0<\/div><\/div> <div class=\"column2\"><div class=\"column_inner\">\n<h2>HAUTE DURABILIT\u00c9<\/h2>\n<blockquote style=width:100%%;> La polyur\u00e9e pr\u00e9sente une r\u00e9sistance \u00e9lev\u00e9e face au vieillissement et aux agents atmosph\u00e9riques. En raison de son \u00e9lasticit\u00e9, elle r\u00e9siste parfaitement aux d\u00e9chirures.\u00a0<\/blockquote>\u00a0<\/div><\/div><\/div>\u00a0<div class=\"two_columns_33_66 clearfix\"><div class=\"column1\"><div class=\"column_inner\">\u00a0<a href=\"http:\/\/www.eurotaff.es\/wp-content\/uploads\/2014\/01\/foto-secado.jpg\"><img loading=\"lazy\" decoding=\"async\" src=\"http:\/\/www.eurotaff.es\/wp-content\/uploads\/2014\/01\/foto-secado-300x95.jpg\" alt=\"foto-secado\" width=\"300\" height=\"95\" \/><\/a>\u00a0<\/div><\/div> <div class=\"column2\"><div class=\"column_inner\">\n<h2>S\u00c9CHAGE RAPIDE<\/h2>\n<blockquote style=width:100%%;> Le court temps de s\u00e9chage de la polyur\u00e9e permet de mieux ma\u00eetriser la dur\u00e9e des travaux et de g\u00e9rer le travail plus efficacement.\u00a0\u00a0<\/blockquote>\u00a0<\/div><\/div><\/div>\u00a0<div class=\"two_columns_33_66 clearfix\"><div class=\"column1\"><div class=\"column_inner\">\u00a0<a href=\"http:\/\/www.eurotaff.es\/wp-content\/uploads\/2014\/01\/foto-color.jpg\"><img loading=\"lazy\" decoding=\"async\" src=\"http:\/\/www.eurotaff.es\/wp-content\/uploads\/2014\/01\/foto-color-300x95.jpg\" alt=\"foto-color\" width=\"300\" height=\"95\" \/><\/a>\u00a0<\/div><\/div> <div class=\"column2\"><div class=\"column_inner\">\n<h2>COLORATION<\/h2>\n<blockquote style=width:100%%;>La possibilit\u00e9 de colorer la polyur\u00e9e avec une vaste gamme chromatique, ainsi que son adaptabilit\u00e9 et sa grande adh\u00e9rence offrent \u00e9galement d\u2019infinies possibilit\u00e9s d\u2019utilisation dans les domaines de la d\u00e9coration, l\u2019architecture d\u2019int\u00e9rieur ou le modelage. <\/blockquote>\u00a0<\/div><\/div><\/div>\n<h2>Comparaison des performances entre la polyur\u00e9e et d&rsquo;autres polym\u00e8res et des \u00e9lastom\u00e8res.<\/h2>\n<p><a href=\"http:\/\/www.eurotaff.es\/wp-content\/uploads\/comparativa-polimeros.jpg\"><img loading=\"lazy\" decoding=\"async\" src=\"http:\/\/www.eurotaff.es\/wp-content\/uploads\/comparativa-polimeros-1024x440.jpg\" alt=\"comparativa-polimeros\" width=\"940\" height=\"403\" \/><\/a>\u00a0\u00a0<div style=\"margin-top:10px;margin-bottom:5px;\" class=\"separator transparent\"><\/div>\u00a0<div class=\"two_columns_25_75 clearfix\"><div class=\"column1\"><div class=\"column_inner\">\n<h2><img decoding=\"async\" src=\"http:\/\/www.eurotaff.es\/wp-content\/uploads\/2014\/01\/logo-eurotaff.png\" alt=\"logo-eurotaff\" height=\"60\" \/><\/h2>\n<\/div><\/div> <div class=\"column2\"><div class=\"column_inner\">\n<h2>T\u00e9l\u00e9charger notre catalogue de produits<\/h2>\n<\/div><\/div><\/div>","protected":false},"excerpt":{"rendered":"<p>La Polyur\u00e9e est un type d\u2019\u00e9lastom\u00e8re d\u00e9riv\u00e9 de la r\u00e9action produite par un composant d\u2019Isocyanate et un m\u00e9lange de r\u00e9sines synth\u00e9tiques. L\u2019imperm\u00e9abilit\u00e9, la haute durabilit\u00e9, le s\u00e9chage rapide et la possibilit\u00e9 de coloration de la polyur\u00e9e font d\u2019elle un mat\u00e9riau multifonction, avec une grande vari\u00e9t\u00e9&#8230;<\/p>\n","protected":false},"author":1,"featured_media":0,"parent":0,"menu_order":0,"comment_status":"open","ping_status":"open","template":"","meta":{"footnotes":""},"class_list":["post-1475","page","type-page","status-publish","hentry"],"_links":{"self":[{"href":"https:\/\/eurotaff.es\/fr\/wp-json\/wp\/v2\/pages\/1475","targetHints":{"allow":["GET"]}}],"collection":[{"href":"https:\/\/eurotaff.es\/fr\/wp-json\/wp\/v2\/pages"}],"about":[{"href":"https:\/\/eurotaff.es\/fr\/wp-json\/wp\/v2\/types\/page"}],"author":[{"embeddable":true,"href":"https:\/\/eurotaff.es\/fr\/wp-json\/wp\/v2\/users\/1"}],"replies":[{"embeddable":true,"href":"https:\/\/eurotaff.es\/fr\/wp-json\/wp\/v2\/comments?post=1475"}],"version-history":[{"count":50,"href":"https:\/\/eurotaff.es\/fr\/wp-json\/wp\/v2\/pages\/1475\/revisions"}],"predecessor-version":[{"id":2609,"href":"https:\/\/eurotaff.es\/fr\/wp-json\/wp\/v2\/pages\/1475\/revisions\/2609"}],"wp:attachment":[{"href":"https:\/\/eurotaff.es\/fr\/wp-json\/wp\/v2\/media?parent=1475"}],"curies":[{"name":"wp","href":"https:\/\/api.w.org\/{rel}","templated":true}]}}