{"id":1475,"date":"2014-01-09T19:31:07","date_gmt":"2014-01-09T19:31:07","guid":{"rendered":"http:\/\/www.eurotaff.com\/?page_id=1475"},"modified":"2016-08-01T09:55:21","modified_gmt":"2016-08-01T09:55:21","slug":"que-es-la-poliurea","status":"publish","type":"page","link":"https:\/\/eurotaff.es\/it\/espanol-que-es-la-poliurea\/","title":{"rendered":"Cos\u2019\u00e8 la poliurea?"},"content":{"rendered":"<h3 lang=\"es-ES\">La poliurea \u00e8 un tipo di elastomero derivato dalla reazione prodotta da un componente dell\u2019isocianato con un miscuglio di resine sintetiche.<\/h3>\n<p lang=\"es-ES\"><div class=\"two_columns_33_66 clearfix\"><div class=\"column1\"><div class=\"column_inner\">\n<p>\u00a0<img decoding=\"async\" src=\"http:\/\/www.eurotaff.es\/wp-content\/uploads\/2014\/01\/polimero.jpg\" alt=\"polimero\" width=\"200\" \/><\/p>\n<p lang=\"es-ES\"><\/div><\/div> <div class=\"column2\"><div class=\"column_inner\">\n<blockquote style=width:100%;>\n<h4 lang=\"es-ES\">\u00a0\u00a0Per le sue qualit\u00e0 meccaniche si comporta come un rivestimento che, una volta applicato, crea una membrana monolitica molto duratura, flessibile e resistente all\u2019abrasione.<\/h4>\n<h4 lang=\"es-ES\">Chimicamente \u00e8 resistente ai danni provocati da prodotti acidi, alcalini e derivati del petrolio. \u00c9 batteriologicamente stabile, facile da pulire e rispetta l\u2019ambiente.<\/h4>\n<\/blockquote>\n<p lang=\"es-ES\"><\/div><\/div><\/div>\n<h4 lang=\"es-ES\">L\u2019impermeabilit\u00e0, l\u2019alta durabilit\u00e0, la rapida asciugatura e la possibilit\u00e0 di essere colorata rendono la poliurea un materiale versatile con una grande variet\u00e0 di usi e applicazioni sia a livello domestico che a livello industriale.<\/h4>\n<p lang=\"es-ES\"><div class=\"two_columns_33_66 clearfix\"><div class=\"column1\"><div class=\"column_inner\">\n<p><a href=\"http:\/\/www.eurotaff.es\/wp-content\/uploads\/2014\/01\/foto-imperm.jpg\"><img decoding=\"async\" src=\"http:\/\/www.eurotaff.es\/wp-content\/uploads\/2014\/01\/foto-imperm-300x95.jpg\" alt=\"foto-imperm\" width=\"100%\" \/><\/a>\u00a0<\/div><\/div> <div class=\"column2\"><div class=\"column_inner\">\n<h2>IMPERMEABILE<\/h2>\n<blockquote style=width:100%%;>\u00a0Grazie alle sue propriet\u00e0 fisiche e chimiche, la poliurea \u00e8 un prodotto ideale per applicazioni d\u2019impermeabilizzazione e protezione delle superfici dalle intemperie.<\/blockquote>\u00a0<\/div><\/div><\/div>\u00a0<div class=\"two_columns_33_66 clearfix\"><div class=\"column1\"><div class=\"column_inner\">\u00a0<a href=\"http:\/\/www.eurotaff.es\/wp-content\/uploads\/2014\/01\/foto-durabilidad.jpg\"><img loading=\"lazy\" decoding=\"async\" src=\"http:\/\/www.eurotaff.es\/wp-content\/uploads\/2014\/01\/foto-durabilidad-300x95.jpg\" alt=\"foto-durabilidad\" width=\"300\" height=\"95\" \/><\/a>\u00a0<\/div><\/div> <div class=\"column2\"><div class=\"column_inner\">\n<h2>ALTA DURABILIT\u00c0<\/h2>\n<blockquote style=width:100%%;>La poliurea presenta un\u2019elevata resistenza all\u2019usura del tempo e agli agenti atmosferici. Grazie alla sua elasticit\u00e0 resiste bene agli strappi.\u00a0<\/blockquote>\u00a0<\/div><\/div><\/div>\u00a0<div class=\"two_columns_33_66 clearfix\"><div class=\"column1\"><div class=\"column_inner\">\u00a0<a href=\"http:\/\/www.eurotaff.es\/wp-content\/uploads\/2014\/01\/foto-secado.jpg\"><img loading=\"lazy\" decoding=\"async\" src=\"http:\/\/www.eurotaff.es\/wp-content\/uploads\/2014\/01\/foto-secado-300x95.jpg\" alt=\"foto-secado\" width=\"300\" height=\"95\" \/><\/a>\u00a0<\/div><\/div> <div class=\"column2\"><div class=\"column_inner\">\n<h2>ASCIUGATURA VELOCE<\/h2>\n<blockquote style=width:100%%;>\u00a0La rapida asciugatura della poliurea permette di controllare meglio la durata dei lavori e gestire il lavoro in maniera pi\u00f9 efficiente.<\/blockquote>\u00a0<\/div><\/div><\/div>\u00a0<div class=\"two_columns_33_66 clearfix\"><div class=\"column1\"><div class=\"column_inner\">\u00a0<a href=\"http:\/\/www.eurotaff.es\/wp-content\/uploads\/2014\/01\/foto-color.jpg\"><img loading=\"lazy\" decoding=\"async\" src=\"http:\/\/www.eurotaff.es\/wp-content\/uploads\/2014\/01\/foto-color-300x95.jpg\" alt=\"foto-color\" width=\"300\" height=\"95\" \/><\/a>\u00a0<\/div><\/div> <div class=\"column2\"><div class=\"column_inner\">\n<h2>COLORABILE<\/h2>\n<blockquote style=width:100%%;>\u00a0La possibilit\u00e0 de colorare la poliurea con una vasta gamma cromatica, insieme alla sua adattabilit\u00e0 e alta aderenza, offre anche infinite possibilit\u00e0 d\u2019uso nel campo della decorazione, degli interni o del modeling.<\/p>\n<\/blockquote>\u00a0<\/div><\/div><\/div>\n<h2>Il confronto delle prestazioni tra la poliurea e altri polimeri ed elastomeri.<\/h2>\n<p><a href=\"http:\/\/www.eurotaff.es\/wp-content\/uploads\/comparativa-polimeros.jpg\"><img loading=\"lazy\" decoding=\"async\" src=\"http:\/\/www.eurotaff.es\/wp-content\/uploads\/comparativa-polimeros-1024x440.jpg\" alt=\"comparativa-polimeros\" width=\"940\" height=\"403\" \/><\/a>\u00a0\u00a0<div style=\"margin-top:10px;margin-bottom:5px;\" class=\"separator transparent\"><\/div>\u00a0<div class=\"two_columns_25_75 clearfix\"><div class=\"column1\"><div class=\"column_inner\">\n<h2><img decoding=\"async\" src=\"http:\/\/www.eurotaff.es\/wp-content\/uploads\/2014\/01\/logo-eurotaff.png\" alt=\"logo-eurotaff\" height=\"60\" \/><\/h2>\n<\/div><\/div> <div class=\"column2\"><div class=\"column_inner\">\n<h2>Scarica il nostro catalogo prodotti<\/h2>\n<\/div><\/div><\/div>","protected":false},"excerpt":{"rendered":"<p>La poliurea \u00e8 un tipo di elastomero derivato dalla reazione prodotta da un componente dell\u2019isocianato con un miscuglio di resine sintetiche. L\u2019impermeabilit\u00e0, l\u2019alta durabilit\u00e0, la rapida asciugatura e la possibilit\u00e0 di essere colorata rendono la poliurea un materiale versatile con una grande variet\u00e0 di usi&#8230;<\/p>\n","protected":false},"author":1,"featured_media":0,"parent":0,"menu_order":0,"comment_status":"open","ping_status":"open","template":"","meta":{"footnotes":""},"class_list":["post-1475","page","type-page","status-publish","hentry"],"_links":{"self":[{"href":"https:\/\/eurotaff.es\/it\/wp-json\/wp\/v2\/pages\/1475","targetHints":{"allow":["GET"]}}],"collection":[{"href":"https:\/\/eurotaff.es\/it\/wp-json\/wp\/v2\/pages"}],"about":[{"href":"https:\/\/eurotaff.es\/it\/wp-json\/wp\/v2\/types\/page"}],"author":[{"embeddable":true,"href":"https:\/\/eurotaff.es\/it\/wp-json\/wp\/v2\/users\/1"}],"replies":[{"embeddable":true,"href":"https:\/\/eurotaff.es\/it\/wp-json\/wp\/v2\/comments?post=1475"}],"version-history":[{"count":50,"href":"https:\/\/eurotaff.es\/it\/wp-json\/wp\/v2\/pages\/1475\/revisions"}],"predecessor-version":[{"id":2609,"href":"https:\/\/eurotaff.es\/it\/wp-json\/wp\/v2\/pages\/1475\/revisions\/2609"}],"wp:attachment":[{"href":"https:\/\/eurotaff.es\/it\/wp-json\/wp\/v2\/media?parent=1475"}],"curies":[{"name":"wp","href":"https:\/\/api.w.org\/{rel}","templated":true}]}}