{"id":1477,"date":"2014-01-09T19:31:24","date_gmt":"2014-01-09T19:31:24","guid":{"rendered":"http:\/\/www.eurotaff.com\/?page_id=1477"},"modified":"2016-08-01T09:59:04","modified_gmt":"2016-08-01T09:59:04","slug":"tipos-de-poliurea","status":"publish","type":"page","link":"https:\/\/eurotaff.es\/it\/espanol-tipos-de-poliurea\/","title":{"rendered":"Tipi di Poliurea"},"content":{"rendered":"<strong>\u00a0 La poliurea<\/strong>, secondo la sua struttura chimica, pu\u00f2 essere di due tipi: alifatica o aromatica. La poliurea aromatica \u00e8 pi\u00f9 forte e non resiste all\u2019esposizione ai raggi UV, e subisce, in tal caso, una certa decolorazione e perdita di brillantezza. Per questo non \u00e8 consigliabile per applicazioni \u201cfaccia a vista\u201d. Invece, la poliurea alifatica resiste alla radiazione UV e risulta eccellente utilizzata come strato di finitura.<\/p>\n<p>Eurotaff ha due tipi di Poliurea: <strong>Poliurea a freddo<\/strong> e <strong>Poliurea a caldo<\/strong>. La prima pi\u00f9 adatta a un uso domestico o a piccoli lavori e la seconda pi\u00f9 per <strong>uso professionale e industriale.<\/strong><\/p>\n<h2>\u2022 Poliurea a freddo<\/h2>\n<p><a href=\"http:\/\/www.eurotaff.es\/wp-content\/uploads\/etiqueta-poliurea-fria.jpg\"><img loading=\"lazy\" decoding=\"async\" src=\"http:\/\/www.eurotaff.es\/wp-content\/uploads\/etiqueta-poliurea-fria-150x150.jpg\" alt=\"etiqueta-poliurea-fria\" width=\"150\" height=\"150\" \/><\/a><\/p>\n<p><strong>EUROTAFF 300<\/strong><br \/>\nEUROTAFF\u00a0300 \u00e8 una Poliurea stabile rispetto alle radiazioni dei raggi ultravioletti. Adatta principalmente ad uso domestico o per piccoli lavori. Si applica manualmente mediante cazzuola di gomma o rullo. Il suo tempo di asciugatura \u00e8 leggermente superiore a quello della poliurea a caldo.<\/p>\n<h2><\/h2>\n<div style=\"margin-top:20px;margin-bottom:100px;\" class=\"separator transparent\"><\/div>\n<h2>\u2022 Poliurea a caldo<\/h2>\n<div class=\"two_columns_50_50 clearfix\"><div class=\"column1\"><div class=\"column_inner\">\n<p><a href=\"http:\/\/www.eurotaff.es\/wp-content\/uploads\/etiqueta-poliurea-AR.jpg\"><img loading=\"lazy\" decoding=\"async\" src=\"http:\/\/www.eurotaff.es\/wp-content\/uploads\/etiqueta-poliurea-AR-150x150.jpg\" alt=\"etiqueta-poliurea-AR\" width=\"150\" height=\"150\" \/><\/a><\/p>\n<p><strong>EUROTAFF AR<\/strong><\/p>\n<p>EUROTAFF\u00a0AR \u00e8 una Poliurea idonea in rivestimenti di esterni e interni nel settore industriale e commerciale. Non trattiene molta carica elettrica, pertanto se ne consiglia l\u2019uso sia per pavimenti sia per rivestimenti di zone come laboratori di elettronica, camere bianche, sale operatorie o uffici con tecnologia \u2018<i>sensitive touch\u2019<\/i>.<\/p>\n<\/div><\/div>\n<div class=\"column2\"><div class=\"column_inner\">\n<p><a href=\"http:\/\/www.eurotaff.es\/wp-content\/uploads\/etiqueta-poliureaAR-50.jpg\"><img loading=\"lazy\" decoding=\"async\" src=\"http:\/\/www.eurotaff.es\/wp-content\/uploads\/etiqueta-poliurea-AR50-150x150.jpg\" alt=\"etiqueta-poliurea-AR\" width=\"150\" height=\"150\" \/><\/a><\/p>\n<p><strong>EUROTAFF AR50<\/strong><\/p>\n<p>EUROTAFF AR50\u00a0\u00e8 un sistema per applicazioni nelle quali \u00e8 richiesta una maggiore elasticit\u00e0. Idonea para impermeabilizzazioni di coperture metalliche, lamiere pre-verniciate, zinco, acciaio galvanizzato, ecc., o su quegli elementi soggetti a sforzi strutturali considerevoli come impalcati di ponti o qualsiasi tipo di giuntura strutturale che lo richieda.<\/p>\n<\/div><\/div><\/div>\n<p><img decoding=\"async\" title=\"gallery link=\" src=\"http:\/\/www.eurotaff.es\/wp-includes\/js\/tinymce\/plugins\/wpgallery\/img\/t.gif\" alt=\"\" \/><\/p>\n<div class='accordion_holder accordion'>\n<div class='accordion_item'><h5 style='background-color: #ff8000; color: #ffffff;'><span class='control-pm'><\/span>Technical Sheets:<\/h5><div class='accordion_content' style='background-color: #ff8000;'><div class='accordion_content_inner'>\n<div class='list circle'>\n<ul>\n<li><a href=\"http:\/\/www.eurotaff.com\/old\/downloads\/eurotaffpoliureapresentacion.pdf\">eu<\/a><a href=\"http:\/\/www.eurotaff.com\/old\/downloads\/eurotaffpoliureapresentacion.pdf\">rotaffpoliureapres<\/a><a href=\"http:\/\/www.eurotaff.com\/old\/downloads\/eurotaffpoliureapresentacion.pdf\">entacion.pdf<\/a>\u00a0[2.558 KB]<\/li>\n<li><a href=\"http:\/\/www.eurotaff.com\/old\/downloads\/generalpoliureaeurotaff.pdf\">generalpoliureaeurotaff.pdf<\/a>\u00a0[422 KB]<\/li>\n<li><a href=\"http:\/\/www.eurotaff.com\/old\/downloads\/poliureafriamaquinapequea.pdf\">poliureafr\u00edamaquinapeque\u00f1a.pdf<\/a>\u00a0[263 KB]<\/li>\n<li><a href=\"http:\/\/www.eurotaff.com\/old\/downloads\/propiedadespoliureaar.pdf\">propiedadespoliureaar.pdf<\/a>\u00a0[243 KB]<\/li>\n<li><a href=\"http:\/\/www.eurotaff.com\/old\/downloads\/propiedadespoliureaar50.pdf\">propiedadespoliureaar50.pdf<\/a>\u00a0[210 KB]<\/li>\n<li><a href=\"http:\/\/www.eurotaff.com\/old\/downloads\/propiedadespoliureaar75.pdf\">propiedadespoliureaar75.pdf<\/a>\u00a0[226 KB]<\/li>\n<li><a href=\"http:\/\/www.eurotaff.com\/old\/downloads\/propiedadespoliureaar204.pdf\">propiedadespoliureaar204.pdf<\/a>\u00a0[226 KB]<\/li>\n<li><a href=\"http:\/\/www.eurotaff.com\/old\/downloads\/propiedadespoliureaarfire.pdf\">propiedadespoliureaarfire.pdf<\/a>\u00a0[226 KB]<\/li>\n<li><a href=\"http:\/\/www.eurotaff.com\/old\/downloads\/propiedadespoliureaarfire1.pdf\">propiedadespoliureaarfire 1.pdf<\/a>\u00a0[227 KB]<\/li>\n<li><a href=\"http:\/\/www.eurotaff.com\/old\/downloads\/resistenciaquimica.pdf\">resistencia quimica.pdf<\/a>\u00a0[193 KB]<\/li>\n<li><a href=\"http:\/\/www.eurotaff.com\/old\/downloads\/tablacomparativa.pdf\">tablacomparativa.pdf<\/a>\u00a0[81 KB]<\/li>\n<\/ul>\n<\/div>\n<\/div><\/div><\/div>\n<\/div>\n<div style=\"margin-top:10px;margin-bottom:5px;\" class=\"separator transparent\"><\/div>\n<div class=\"two_columns_25_75 clearfix\"><div class=\"column1\"><div class=\"column_inner\">\n<h2><img decoding=\"async\" src=\"http:\/\/www.eurotaff.es\/wp-content\/uploads\/2014\/01\/logo-eurotaff.png\" alt=\"logo-eurotaff\" height=\"60\" \/><\/h2>\n<\/div><\/div>\n<div class=\"column2\"><div class=\"column_inner\">\n<h2>Scarica il nostro catalogo prodotti<a href=\"\/wp-content\/uploads\/descargas\/catalogo-eurotaff.pdf\" target=\"_blank\"><br \/>\n<\/a><\/h2>\n<\/div><\/div><\/div>","protected":false},"excerpt":{"rendered":"<p>\u00a0 La poliurea, secondo la sua struttura chimica, pu\u00f2 essere di due tipi: alifatica o aromatica. La poliurea aromatica \u00e8 pi\u00f9 forte e non resiste all\u2019esposizione ai raggi UV, e subisce, in tal caso, una certa decolorazione e perdita di brillantezza. Per questo non \u00e8&#8230;<\/p>\n","protected":false},"author":1,"featured_media":0,"parent":0,"menu_order":0,"comment_status":"open","ping_status":"closed","template":"","meta":{"footnotes":""},"class_list":["post-1477","page","type-page","status-publish","hentry"],"_links":{"self":[{"href":"https:\/\/eurotaff.es\/it\/wp-json\/wp\/v2\/pages\/1477","targetHints":{"allow":["GET"]}}],"collection":[{"href":"https:\/\/eurotaff.es\/it\/wp-json\/wp\/v2\/pages"}],"about":[{"href":"https:\/\/eurotaff.es\/it\/wp-json\/wp\/v2\/types\/page"}],"author":[{"embeddable":true,"href":"https:\/\/eurotaff.es\/it\/wp-json\/wp\/v2\/users\/1"}],"replies":[{"embeddable":true,"href":"https:\/\/eurotaff.es\/it\/wp-json\/wp\/v2\/comments?post=1477"}],"version-history":[{"count":43,"href":"https:\/\/eurotaff.es\/it\/wp-json\/wp\/v2\/pages\/1477\/revisions"}],"predecessor-version":[{"id":2621,"href":"https:\/\/eurotaff.es\/it\/wp-json\/wp\/v2\/pages\/1477\/revisions\/2621"}],"wp:attachment":[{"href":"https:\/\/eurotaff.es\/it\/wp-json\/wp\/v2\/media?parent=1477"}],"curies":[{"name":"wp","href":"https:\/\/api.w.org\/{rel}","templated":true}]}}