{"id":1475,"date":"2014-01-09T19:31:07","date_gmt":"2014-01-09T19:31:07","guid":{"rendered":"http:\/\/www.eurotaff.com\/?page_id=1475"},"modified":"2016-08-01T09:55:21","modified_gmt":"2016-08-01T09:55:21","slug":"que-es-la-poliurea","status":"publish","type":"page","link":"https:\/\/eurotaff.es\/pt\/espanol-que-es-la-poliurea\/","title":{"rendered":"O que \u00e9 a poliureia?"},"content":{"rendered":"<h3 lang=\"es-ES\">A Poliureia \u00e9 um tipo de elast\u00f3mero derivado da reac\u00e7\u00e3o produzida por uma componente de Isocianato e uma mistura de resinas sint\u00e9ticas<\/h3>\n<p lang=\"es-ES\"><div class=\"two_columns_33_66 clearfix\"><div class=\"column1\"><div class=\"column_inner\">\n<p>\u00a0<img decoding=\"async\" src=\"http:\/\/www.eurotaff.es\/wp-content\/uploads\/2014\/01\/polimero.jpg\" alt=\"polimero\" width=\"200\" \/><\/p>\n<p lang=\"es-ES\"><\/div><\/div> <div class=\"column2\"><div class=\"column_inner\">\n<blockquote style=width:100%;>\n<h4 lang=\"es-ES\">\u00a0\u00a0Em virtude das suas qualidades mec\u00e2nicas, funciona como um revestimento que, uma vez aplicado, proporciona uma membrana monol\u00edtica extremamente duradoura, flex\u00edvel e resistente ao desgaste.<\/h4>\n<h4 lang=\"es-ES\">Quimicamente, \u00e9 resistente aos danos que possam ser produzidos por produtos \u00e1cidos, alcalinos e derivados do petr\u00f3leo. \u00c9 bacteriologicamente est\u00e1vel, f\u00e1cil de limpar e amiga do meio-ambiente.<\/h4>\n<\/blockquote>\n<p lang=\"es-ES\"><\/div><\/div><\/div>\n<h4 lang=\"es-ES\">A impermeabilidade, elevada durabilidade, secagem r\u00e1pida e possibilidade de colora\u00e7\u00e3o da poliureia tornam-na num material vers\u00e1til com uma grande variedade de utiliza\u00e7\u00f5es e aplica\u00e7\u00f5es, quer a n\u00edvel dom\u00e9stico quer a n\u00edvel industrial<\/h4>\n<p lang=\"es-ES\"><div class=\"two_columns_33_66 clearfix\"><div class=\"column1\"><div class=\"column_inner\">\n<p><a href=\"http:\/\/www.eurotaff.es\/wp-content\/uploads\/2014\/01\/foto-imperm.jpg\"><img decoding=\"async\" src=\"http:\/\/www.eurotaff.es\/wp-content\/uploads\/2014\/01\/foto-imperm-300x95.jpg\" alt=\"foto-imperm\" width=\"100%\" \/><\/a>\u00a0<\/div><\/div> <div class=\"column2\"><div class=\"column_inner\">\n<h2>IMPERME\u00c1VEL<\/h2>\n<blockquote style=width:100%%;>\u00a0Gra\u00e7as \u00e0s suas propriedades f\u00edsicas e qu\u00edmicas, a poliureia \u00e9 um produto ideal para aplica\u00e7\u00f5es de impermeabiliza\u00e7\u00e3o e protec\u00e7\u00e3o de superf\u00edcies contra as intemp\u00e9ries.\u00a0<\/blockquote>\u00a0<\/div><\/div><\/div>\u00a0<div class=\"two_columns_33_66 clearfix\"><div class=\"column1\"><div class=\"column_inner\">\u00a0<a href=\"http:\/\/www.eurotaff.es\/wp-content\/uploads\/2014\/01\/foto-durabilidad.jpg\"><img loading=\"lazy\" decoding=\"async\" src=\"http:\/\/www.eurotaff.es\/wp-content\/uploads\/2014\/01\/foto-durabilidad-300x95.jpg\" alt=\"foto-durabilidad\" width=\"300\" height=\"95\" \/><\/a>\u00a0<\/div><\/div> <div class=\"column2\"><div class=\"column_inner\">\n<h2>ELEVADA DURABILIDADE<\/h2>\n<blockquote style=width:100%%;>A poliureia apresenta uma elevada resist\u00eancia ao envelhecimento e aos agentes atmosf\u00e9ricos. Devido \u00e0 sua elasticidade, mostra um insuper\u00e1vel comportamento perante a lacera\u00e7\u00e3o. <\/blockquote>\u00a0<\/div><\/div><\/div>\u00a0<div class=\"two_columns_33_66 clearfix\"><div class=\"column1\"><div class=\"column_inner\">\u00a0<a href=\"http:\/\/www.eurotaff.es\/wp-content\/uploads\/2014\/01\/foto-secado.jpg\"><img loading=\"lazy\" decoding=\"async\" src=\"http:\/\/www.eurotaff.es\/wp-content\/uploads\/2014\/01\/foto-secado-300x95.jpg\" alt=\"foto-secado\" width=\"300\" height=\"95\" \/><\/a>\u00a0<\/div><\/div> <div class=\"column2\"><div class=\"column_inner\">\n<h2>SECAGEM R\u00c1PIDA<\/h2>\n<blockquote style=width:100%%;> O curto tempo de secagem da poliureia permite um melhor controlo da dura\u00e7\u00e3o das obras e uma gest\u00e3o mais eficiente do trabalho.\u00a0<\/blockquote>\u00a0<\/div><\/div><\/div>\u00a0<div class=\"two_columns_33_66 clearfix\"><div class=\"column1\"><div class=\"column_inner\">\u00a0<a href=\"http:\/\/www.eurotaff.es\/wp-content\/uploads\/2014\/01\/foto-color.jpg\"><img loading=\"lazy\" decoding=\"async\" src=\"http:\/\/www.eurotaff.es\/wp-content\/uploads\/2014\/01\/foto-color-300x95.jpg\" alt=\"foto-color\" width=\"300\" height=\"95\" \/><\/a>\u00a0<\/div><\/div> <div class=\"column2\"><div class=\"column_inner\">\n<h2>COLOR\u00c1VEL<\/h2>\n<blockquote style=width:100%%;>\u00a0A possibilidade de colorar a poliureia com uma elevada gama crom\u00e1tica, juntamente com a sua adaptabilidade e grande ader\u00eancia, oferece tamb\u00e9m infinitas possibilidades de utiliza\u00e7\u00e3o nos campos da decora\u00e7\u00e3o, do design de interiores ou da modela\u00e7\u00e3o.\u00a0.\u00a0<\/blockquote>\u00a0<\/div><\/div><\/div>\n<h2>Compara\u00e7\u00e3o de desempenho entre o polyurea e outros pol\u00edmeros e elast\u00f4meros.<\/h2>\n<p><a href=\"http:\/\/www.eurotaff.es\/wp-content\/uploads\/comparativa-polimeros.jpg\"><img loading=\"lazy\" decoding=\"async\" src=\"http:\/\/www.eurotaff.es\/wp-content\/uploads\/comparativa-polimeros-1024x440.jpg\" alt=\"comparativa-polimeros\" width=\"940\" height=\"403\" \/><\/a>\u00a0\u00a0<div style=\"margin-top:10px;margin-bottom:5px;\" class=\"separator transparent\"><\/div>\u00a0<div class=\"two_columns_25_75 clearfix\"><div class=\"column1\"><div class=\"column_inner\">\n<h2><img decoding=\"async\" src=\"http:\/\/www.eurotaff.es\/wp-content\/uploads\/2014\/01\/logo-eurotaff.png\" alt=\"logo-eurotaff\" height=\"60\" \/><\/h2>\n<\/div><\/div> <div class=\"column2\"><div class=\"column_inner\">\n<h2>Baixe nosso cat\u00e1logo de produtos<\/h2>\n<\/div><\/div><\/div>","protected":false},"excerpt":{"rendered":"<p>A Poliureia \u00e9 um tipo de elast\u00f3mero derivado da reac\u00e7\u00e3o produzida por uma componente de Isocianato e uma mistura de resinas sint\u00e9ticas A impermeabilidade, elevada durabilidade, secagem r\u00e1pida e possibilidade de colora\u00e7\u00e3o da poliureia tornam-na num material vers\u00e1til com uma grande variedade de utiliza\u00e7\u00f5es e&#8230;<\/p>\n","protected":false},"author":1,"featured_media":0,"parent":0,"menu_order":0,"comment_status":"open","ping_status":"open","template":"","meta":{"footnotes":""},"class_list":["post-1475","page","type-page","status-publish","hentry"],"_links":{"self":[{"href":"https:\/\/eurotaff.es\/pt\/wp-json\/wp\/v2\/pages\/1475","targetHints":{"allow":["GET"]}}],"collection":[{"href":"https:\/\/eurotaff.es\/pt\/wp-json\/wp\/v2\/pages"}],"about":[{"href":"https:\/\/eurotaff.es\/pt\/wp-json\/wp\/v2\/types\/page"}],"author":[{"embeddable":true,"href":"https:\/\/eurotaff.es\/pt\/wp-json\/wp\/v2\/users\/1"}],"replies":[{"embeddable":true,"href":"https:\/\/eurotaff.es\/pt\/wp-json\/wp\/v2\/comments?post=1475"}],"version-history":[{"count":50,"href":"https:\/\/eurotaff.es\/pt\/wp-json\/wp\/v2\/pages\/1475\/revisions"}],"predecessor-version":[{"id":2609,"href":"https:\/\/eurotaff.es\/pt\/wp-json\/wp\/v2\/pages\/1475\/revisions\/2609"}],"wp:attachment":[{"href":"https:\/\/eurotaff.es\/pt\/wp-json\/wp\/v2\/media?parent=1475"}],"curies":[{"name":"wp","href":"https:\/\/api.w.org\/{rel}","templated":true}]}}